{"id":1200,"date":"2021-11-16T17:42:58","date_gmt":"2021-11-16T17:42:58","guid":{"rendered":"https:\/\/clickclick.live\/?page_id=1200"},"modified":"2025-12-01T17:29:55","modified_gmt":"2025-12-01T17:29:55","slug":"fermes-bio","status":"publish","type":"page","link":"https:\/\/clickclick.live\/fr\/fermes-bio\/","title":{"rendered":"Fermes bio et cabane a sucre"},"content":{"rendered":"<div id=\"pl-1200\"  class=\"panel-layout\" ><div id=\"pg-1200-0\"  class=\"panel-grid panel-no-style\" ><div id=\"pgc-1200-0-0\"  class=\"panel-grid-cell\" ><div id=\"panel-1200-0-0-0\" class=\"so-panel widget widget_sow-image panel-first-child\" data-index=\"0\" ><div\n\t\t\t\n\t\t\tclass=\"so-widget-sow-image so-widget-sow-image-default-a258e6bfa2d8-1200\"\n\t\t\t\n\t\t>\n<div class=\"sow-image-container\">\n\t\t<img \n\tsrc=\"https:\/\/clickclick.live\/wp-content\/uploads\/2025\/12\/2025-10-22-15_42_42-Fermes-bio-et-cabane-a-sucre-\u2013-Click-Click-Personal-Microsoft-Edge.png\" width=\"1212\" height=\"685\" srcset=\"https:\/\/clickclick.live\/wp-content\/uploads\/2025\/12\/2025-10-22-15_42_42-Fermes-bio-et-cabane-a-sucre-\u2013-Click-Click-Personal-Microsoft-Edge.png 1212w, https:\/\/clickclick.live\/wp-content\/uploads\/2025\/12\/2025-10-22-15_42_42-Fermes-bio-et-cabane-a-sucre-\u2013-Click-Click-Personal-Microsoft-Edge-300x170.png 300w, https:\/\/clickclick.live\/wp-content\/uploads\/2025\/12\/2025-10-22-15_42_42-Fermes-bio-et-cabane-a-sucre-\u2013-Click-Click-Personal-Microsoft-Edge-1024x579.png 1024w, https:\/\/clickclick.live\/wp-content\/uploads\/2025\/12\/2025-10-22-15_42_42-Fermes-bio-et-cabane-a-sucre-\u2013-Click-Click-Personal-Microsoft-Edge-768x434.png 768w, https:\/\/clickclick.live\/wp-content\/uploads\/2025\/12\/2025-10-22-15_42_42-Fermes-bio-et-cabane-a-sucre-\u2013-Click-Click-Personal-Microsoft-Edge-18x10.png 18w, https:\/\/clickclick.live\/wp-content\/uploads\/2025\/12\/2025-10-22-15_42_42-Fermes-bio-et-cabane-a-sucre-\u2013-Click-Click-Personal-Microsoft-Edge-24x14.png 24w, https:\/\/clickclick.live\/wp-content\/uploads\/2025\/12\/2025-10-22-15_42_42-Fermes-bio-et-cabane-a-sucre-\u2013-Click-Click-Personal-Microsoft-Edge-36x20.png 36w, https:\/\/clickclick.live\/wp-content\/uploads\/2025\/12\/2025-10-22-15_42_42-Fermes-bio-et-cabane-a-sucre-\u2013-Click-Click-Personal-Microsoft-Edge-48x27.png 48w\" sizes=\"(max-width: 1212px) 100vw, 1212px\" title=\"2025-10-22 15_42_42-Fermes bio et cabane a sucre \u2013 Click Click &#8211; Personal &#8211; Microsoft Edge\" alt=\"\" \t\tclass=\"so-widget-image\"\/>\n\t<\/div>\n\n<\/div><\/div><div id=\"panel-1200-0-0-1\" class=\"widget_text so-panel widget widget_custom_html\" data-index=\"1\" ><div class=\"textwidget custom-html-widget\">\n<style>\n\t\n.lsow-project-image  {\n\t--angle: 0deg;\n\tborder: 6px solid;\n\tborder-image: conic-gradient(from var(--angle), red, yellow, lime, aqua, blue, magenta, red) 1;\n\t\n\tanimation: 10s rotate linear infinite;\n}\n\n@keyframes rotate {\n\tto {\n\t\t--angle: 360deg;\n\t}\n}\n\n@property --angle {\n  syntax: '<angle>';\n  initial-value: 0deg;\n  inherits: false;\n}\n#myVideo {\n  min-width: 100%;\n  min-height: 100%;\n}\n\n\/* Add some content at the bottom of the video\/page *\/\n.content {\n  position: fixed;\n  bottom: 0;\n  background: rgba(0, 0, 0, 0.5);\n  color: #f1f1f1;\n  width: 100%;\n  padding: 20px;\n}\n\n\/* Style the button used to pause\/play the video *\/\n#myBtn {\n  width: 200px;\n  font-size: 18px;\n  padding: 10px;\n  border: none;\n  background: #000;\n  color: #fff;\n  cursor: pointer;\n}\n\n#myBtn:hover {\n  background: #ddd;\n  color: black;\n}\n\t.header-filter {\n    position: absolute;\n    top: 0;\n    bottom: 0;\n    left: 0;\n    right: 0;\n    z-index: -1;\n    background-position: center center;\n    background-size: cover;\n}\n\t\n\t#myGIF {\n    padding: 0;\n    z-index: 10;\n    width: 100%;\n    margin: 0;\n\t\tdisplay:none;\n}\n\t@media (pointer: coarse) and (hover: none) {\n  #myGIF {\n    display: block;\n  }\n\n  #myVideo {\n    display: none;\n  }\n}\n<\/style>\n\n<script>\n\tadd_action( 'wp_loaded','my_minify_html' );\nfunction my_minify_html() {\n  console.log('page is fully loaded');\n\t\t\t$('myVideo').trigger('play');\n}\n\n\n<\/script><\/div><\/div><div id=\"panel-1200-0-0-2\" class=\"so-panel widget widget_lsow-portfolio panel-last-child\" data-index=\"2\" ><div\n\t\t\t\n\t\t\tclass=\"so-widget-lsow-portfolio so-widget-lsow-portfolio-default-1deac25177d5-1200\"\n\t\t\t\n\t\t><div class=\"lsow-portfolio-wrap lsow-gapless-grid\"><div id=\"lsow-portfolio-69e2de9cb1da8\" class=\"lsow-portfolio js-isotope lsow-fitRows lsow-grid-container  lsow-grid-desktop-6 lsow-grid-tablet-3 lsow-grid-mobile-2\" data-isotope-options='{ \"itemSelector\": \".lsow-portfolio-item\", \"layoutMode\": \"fitRows\"}'><div data-id=\"id-2186\" class=\"lsow-grid-item lsow-portfolio-item  term-88\"><article id=\"post-2186\" class=\"post-2186 page type-page status-publish has-post-thumbnail hentry category-fermebio\"><div class=\"lsow-project-image\"><a href=\"https:\/\/www.cabaneasucrelacoulee.com\/\" target=\"_self\"><img fetchpriority=\"high\" decoding=\"async\" width=\"300\" height=\"300\" src=\"https:\/\/clickclick.live\/wp-content\/uploads\/2022\/05\/coulee-300x300.png\" class=\"lsow-image skip-lazy no-lazyload exclude-me a3-notlazy wp-post-image\" alt=\"\" data-no-lazy=\"1\" loading=\"eager\" srcset=\"https:\/\/clickclick.live\/wp-content\/uploads\/2022\/05\/coulee-300x300.png 300w, https:\/\/clickclick.live\/wp-content\/uploads\/2022\/05\/coulee-150x150.png 150w, https:\/\/clickclick.live\/wp-content\/uploads\/2022\/05\/coulee-768x768.png 768w, https:\/\/clickclick.live\/wp-content\/uploads\/2022\/05\/coulee-12x12.png 12w, https:\/\/clickclick.live\/wp-content\/uploads\/2022\/05\/coulee-24x24.png 24w, https:\/\/clickclick.live\/wp-content\/uploads\/2022\/05\/coulee-36x36.png 36w, https:\/\/clickclick.live\/wp-content\/uploads\/2022\/05\/coulee-48x48.png 48w, https:\/\/clickclick.live\/wp-content\/uploads\/2022\/05\/coulee-600x600.png 600w, https:\/\/clickclick.live\/wp-content\/uploads\/2022\/05\/coulee-200x200.png 200w, https:\/\/clickclick.live\/wp-content\/uploads\/2022\/05\/coulee-560x560.png 560w, https:\/\/clickclick.live\/wp-content\/uploads\/2022\/05\/coulee.png 800w\" sizes=\"(max-width: 300px) 100vw, 300px\" title=\"\" \/><\/a><div class=\"lsow-image-info\"><div class=\"lsow-entry-info\"><h3 class=\"lsow-post-title\"><a href=\"https:\/\/www.cabaneasucrelacoulee.com\/\" title=\"Cabane \u00e0 sucre la Coul\u00e9e\" target=\"_self\" rel=\"bookmark\">Cabane \u00e0 sucre la Coul\u00e9e<\/a><\/h3><\/div><\/div><!-- .lsow-image-info --><\/div><\/article><!-- .hentry --><\/div><div data-id=\"id-2183\" class=\"lsow-grid-item lsow-portfolio-item  term-88\"><article id=\"post-2183\" class=\"post-2183 page type-page status-publish has-post-thumbnail hentry category-fermebio\"><div class=\"lsow-project-image\"><a href=\"https:\/\/www.cheztimousse.com\/\" target=\"_self\"><img decoding=\"async\" width=\"300\" height=\"300\" src=\"https:\/\/clickclick.live\/wp-content\/uploads\/2022\/05\/timouse-300x300.png\" class=\"lsow-image skip-lazy no-lazyload exclude-me a3-notlazy wp-post-image\" alt=\"\" data-no-lazy=\"1\" loading=\"eager\" srcset=\"https:\/\/clickclick.live\/wp-content\/uploads\/2022\/05\/timouse-300x300.png 300w, https:\/\/clickclick.live\/wp-content\/uploads\/2022\/05\/timouse-150x150.png 150w, https:\/\/clickclick.live\/wp-content\/uploads\/2022\/05\/timouse-768x768.png 768w, https:\/\/clickclick.live\/wp-content\/uploads\/2022\/05\/timouse-12x12.png 12w, https:\/\/clickclick.live\/wp-content\/uploads\/2022\/05\/timouse-24x24.png 24w, https:\/\/clickclick.live\/wp-content\/uploads\/2022\/05\/timouse-36x36.png 36w, https:\/\/clickclick.live\/wp-content\/uploads\/2022\/05\/timouse-48x48.png 48w, https:\/\/clickclick.live\/wp-content\/uploads\/2022\/05\/timouse-600x600.png 600w, https:\/\/clickclick.live\/wp-content\/uploads\/2022\/05\/timouse-200x200.png 200w, https:\/\/clickclick.live\/wp-content\/uploads\/2022\/05\/timouse-560x560.png 560w, https:\/\/clickclick.live\/wp-content\/uploads\/2022\/05\/timouse.png 800w\" sizes=\"(max-width: 300px) 100vw, 300px\" title=\"\" \/><\/a><div class=\"lsow-image-info\"><div class=\"lsow-entry-info\"><h3 class=\"lsow-post-title\"><a href=\"https:\/\/www.cheztimousse.com\/\" title=\"Chez Ti-Mousse\" target=\"_self\" rel=\"bookmark\">Chez Ti-Mousse<\/a><\/h3><\/div><\/div><!-- .lsow-image-info --><\/div><\/article><!-- .hentry --><\/div><div data-id=\"id-2180\" class=\"lsow-grid-item lsow-portfolio-item  term-88\"><article id=\"post-2180\" class=\"post-2180 page type-page status-publish has-post-thumbnail hentry category-fermebio\"><div class=\"lsow-project-image\"><a href=\"https:\/\/www.sucrerieduterroir.com\/\" target=\"_self\"><img decoding=\"async\" width=\"300\" height=\"300\" src=\"https:\/\/clickclick.live\/wp-content\/uploads\/2022\/05\/terroir-300x300.png\" class=\"lsow-image skip-lazy no-lazyload exclude-me a3-notlazy wp-post-image\" alt=\"\" data-no-lazy=\"1\" loading=\"eager\" srcset=\"https:\/\/clickclick.live\/wp-content\/uploads\/2022\/05\/terroir-300x300.png 300w, https:\/\/clickclick.live\/wp-content\/uploads\/2022\/05\/terroir-150x150.png 150w, https:\/\/clickclick.live\/wp-content\/uploads\/2022\/05\/terroir-768x768.png 768w, https:\/\/clickclick.live\/wp-content\/uploads\/2022\/05\/terroir-12x12.png 12w, https:\/\/clickclick.live\/wp-content\/uploads\/2022\/05\/terroir-24x24.png 24w, https:\/\/clickclick.live\/wp-content\/uploads\/2022\/05\/terroir-36x36.png 36w, https:\/\/clickclick.live\/wp-content\/uploads\/2022\/05\/terroir-48x48.png 48w, https:\/\/clickclick.live\/wp-content\/uploads\/2022\/05\/terroir-600x600.png 600w, https:\/\/clickclick.live\/wp-content\/uploads\/2022\/05\/terroir-200x200.png 200w, https:\/\/clickclick.live\/wp-content\/uploads\/2022\/05\/terroir-560x560.png 560w, https:\/\/clickclick.live\/wp-content\/uploads\/2022\/05\/terroir.png 800w\" sizes=\"(max-width: 300px) 100vw, 300px\" title=\"\" \/><\/a><div class=\"lsow-image-info\"><div class=\"lsow-entry-info\"><h3 class=\"lsow-post-title\"><a href=\"https:\/\/www.sucrerieduterroir.com\/\" title=\"Sucrerie du Terroir\" target=\"_self\" rel=\"bookmark\">Sucrerie du Terroir<\/a><\/h3><\/div><\/div><!-- .lsow-image-info --><\/div><\/article><!-- .hentry --><\/div><div data-id=\"id-2177\" class=\"lsow-grid-item lsow-portfolio-item  term-88\"><article id=\"post-2177\" class=\"post-2177 page type-page status-publish has-post-thumbnail hentry category-fermebio\"><div class=\"lsow-project-image\"><a href=\"https:\/\/estg.ca\/\" target=\"_self\"><img decoding=\"async\" width=\"300\" height=\"300\" src=\"https:\/\/clickclick.live\/wp-content\/uploads\/2022\/05\/germain-300x300.png\" class=\"lsow-image skip-lazy no-lazyload exclude-me a3-notlazy wp-post-image\" alt=\"\" data-no-lazy=\"1\" loading=\"eager\" srcset=\"https:\/\/clickclick.live\/wp-content\/uploads\/2022\/05\/germain-300x300.png 300w, https:\/\/clickclick.live\/wp-content\/uploads\/2022\/05\/germain-150x150.png 150w, https:\/\/clickclick.live\/wp-content\/uploads\/2022\/05\/germain-768x768.png 768w, https:\/\/clickclick.live\/wp-content\/uploads\/2022\/05\/germain-12x12.png 12w, https:\/\/clickclick.live\/wp-content\/uploads\/2022\/05\/germain-24x24.png 24w, https:\/\/clickclick.live\/wp-content\/uploads\/2022\/05\/germain-36x36.png 36w, https:\/\/clickclick.live\/wp-content\/uploads\/2022\/05\/germain-48x48.png 48w, https:\/\/clickclick.live\/wp-content\/uploads\/2022\/05\/germain-600x600.png 600w, https:\/\/clickclick.live\/wp-content\/uploads\/2022\/05\/germain-200x200.png 200w, https:\/\/clickclick.live\/wp-content\/uploads\/2022\/05\/germain-560x560.png 560w, https:\/\/clickclick.live\/wp-content\/uploads\/2022\/05\/germain.png 800w\" sizes=\"(max-width: 300px) 100vw, 300px\" title=\"\" \/><\/a><div class=\"lsow-image-info\"><div class=\"lsow-entry-info\"><h3 class=\"lsow-post-title\"><a href=\"https:\/\/estg.ca\/\" title=\"L&#8217;\u00c9rabli\u00e8re St Germain\" target=\"_self\" rel=\"bookmark\">L&#8217;\u00c9rabli\u00e8re St Germain<\/a><\/h3><\/div><\/div><!-- .lsow-image-info --><\/div><\/article><!-- .hentry --><\/div><div data-id=\"id-2174\" class=\"lsow-grid-item lsow-portfolio-item  term-88\"><article id=\"post-2174\" class=\"post-2174 page type-page status-publish has-post-thumbnail hentry category-fermebio\"><div class=\"lsow-project-image\"><a href=\"https:\/\/domaineangegardien.com\/fr\" target=\"_self\"><img decoding=\"async\" width=\"300\" height=\"300\" src=\"https:\/\/clickclick.live\/wp-content\/uploads\/2022\/05\/domaine-300x300.png\" class=\"lsow-image skip-lazy no-lazyload exclude-me a3-notlazy wp-post-image\" alt=\"\" data-no-lazy=\"1\" loading=\"eager\" srcset=\"https:\/\/clickclick.live\/wp-content\/uploads\/2022\/05\/domaine-300x300.png 300w, https:\/\/clickclick.live\/wp-content\/uploads\/2022\/05\/domaine-150x150.png 150w, https:\/\/clickclick.live\/wp-content\/uploads\/2022\/05\/domaine-768x768.png 768w, https:\/\/clickclick.live\/wp-content\/uploads\/2022\/05\/domaine-12x12.png 12w, https:\/\/clickclick.live\/wp-content\/uploads\/2022\/05\/domaine-24x24.png 24w, https:\/\/clickclick.live\/wp-content\/uploads\/2022\/05\/domaine-36x36.png 36w, https:\/\/clickclick.live\/wp-content\/uploads\/2022\/05\/domaine-48x48.png 48w, https:\/\/clickclick.live\/wp-content\/uploads\/2022\/05\/domaine-600x600.png 600w, https:\/\/clickclick.live\/wp-content\/uploads\/2022\/05\/domaine-200x200.png 200w, https:\/\/clickclick.live\/wp-content\/uploads\/2022\/05\/domaine-560x560.png 560w, https:\/\/clickclick.live\/wp-content\/uploads\/2022\/05\/domaine.png 800w\" sizes=\"(max-width: 300px) 100vw, 300px\" title=\"\" \/><\/a><div class=\"lsow-image-info\"><div class=\"lsow-entry-info\"><h3 class=\"lsow-post-title\"><a href=\"https:\/\/domaineangegardien.com\/fr\" title=\"Le Domain de L&#8217;Ange Gardien\" target=\"_self\" rel=\"bookmark\">Le Domain de L&#8217;Ange Gardien<\/a><\/h3><\/div><\/div><!-- .lsow-image-info --><\/div><\/article><!-- .hentry --><\/div><div data-id=\"id-2171\" class=\"lsow-grid-item lsow-portfolio-item  term-88\"><article id=\"post-2171\" class=\"post-2171 page type-page status-publish has-post-thumbnail hentry category-fermebio\"><div class=\"lsow-project-image\"><a href=\"https:\/\/www.legumesbiologiques.com\/fr\/\" target=\"_self\"><img decoding=\"async\" width=\"300\" height=\"300\" src=\"https:\/\/clickclick.live\/wp-content\/uploads\/2022\/05\/plainesav-300x300.png\" class=\"lsow-image skip-lazy no-lazyload exclude-me a3-notlazy wp-post-image\" alt=\"\" data-no-lazy=\"1\" loading=\"eager\" srcset=\"https:\/\/clickclick.live\/wp-content\/uploads\/2022\/05\/plainesav-300x300.png 300w, https:\/\/clickclick.live\/wp-content\/uploads\/2022\/05\/plainesav-150x150.png 150w, https:\/\/clickclick.live\/wp-content\/uploads\/2022\/05\/plainesav-768x768.png 768w, https:\/\/clickclick.live\/wp-content\/uploads\/2022\/05\/plainesav-12x12.png 12w, https:\/\/clickclick.live\/wp-content\/uploads\/2022\/05\/plainesav-24x24.png 24w, https:\/\/clickclick.live\/wp-content\/uploads\/2022\/05\/plainesav-36x36.png 36w, https:\/\/clickclick.live\/wp-content\/uploads\/2022\/05\/plainesav-48x48.png 48w, https:\/\/clickclick.live\/wp-content\/uploads\/2022\/05\/plainesav-600x600.png 600w, https:\/\/clickclick.live\/wp-content\/uploads\/2022\/05\/plainesav-200x200.png 200w, https:\/\/clickclick.live\/wp-content\/uploads\/2022\/05\/plainesav-560x560.png 560w, https:\/\/clickclick.live\/wp-content\/uploads\/2022\/05\/plainesav.png 800w\" sizes=\"(max-width: 300px) 100vw, 300px\" title=\"\" \/><\/a><div class=\"lsow-image-info\"><div class=\"lsow-entry-info\"><h3 class=\"lsow-post-title\"><a href=\"https:\/\/www.legumesbiologiques.com\/fr\/\" title=\"Ferme Aux Pleines Saveurs\" target=\"_self\" rel=\"bookmark\">Ferme Aux Pleines Saveurs<\/a><\/h3><\/div><\/div><!-- .lsow-image-info --><\/div><\/article><!-- .hentry --><\/div><div data-id=\"id-2168\" class=\"lsow-grid-item lsow-portfolio-item  term-88\"><article id=\"post-2168\" class=\"post-2168 page type-page status-publish has-post-thumbnail hentry category-fermebio\"><div class=\"lsow-project-image\"><a href=\"https:\/\/fermecooplarosee.com\/\" target=\"_self\"><img decoding=\"async\" width=\"300\" height=\"300\" src=\"https:\/\/clickclick.live\/wp-content\/uploads\/2022\/05\/rosee-300x300.png\" class=\"lsow-image skip-lazy no-lazyload exclude-me a3-notlazy wp-post-image\" alt=\"\" data-no-lazy=\"1\" loading=\"eager\" srcset=\"https:\/\/clickclick.live\/wp-content\/uploads\/2022\/05\/rosee-300x300.png 300w, https:\/\/clickclick.live\/wp-content\/uploads\/2022\/05\/rosee-150x150.png 150w, https:\/\/clickclick.live\/wp-content\/uploads\/2022\/05\/rosee-768x768.png 768w, https:\/\/clickclick.live\/wp-content\/uploads\/2022\/05\/rosee-12x12.png 12w, https:\/\/clickclick.live\/wp-content\/uploads\/2022\/05\/rosee-24x24.png 24w, https:\/\/clickclick.live\/wp-content\/uploads\/2022\/05\/rosee-36x36.png 36w, https:\/\/clickclick.live\/wp-content\/uploads\/2022\/05\/rosee-48x48.png 48w, https:\/\/clickclick.live\/wp-content\/uploads\/2022\/05\/rosee-600x600.png 600w, https:\/\/clickclick.live\/wp-content\/uploads\/2022\/05\/rosee-200x200.png 200w, https:\/\/clickclick.live\/wp-content\/uploads\/2022\/05\/rosee-560x560.png 560w, https:\/\/clickclick.live\/wp-content\/uploads\/2022\/05\/rosee.png 800w\" sizes=\"(max-width: 300px) 100vw, 300px\" title=\"\" \/><\/a><div class=\"lsow-image-info\"><div class=\"lsow-entry-info\"><h3 class=\"lsow-post-title\"><a href=\"https:\/\/fermecooplarosee.com\/\" title=\"FERME COOP LA ROS\u00c9E\" target=\"_self\" rel=\"bookmark\">FERME COOP LA ROS\u00c9E<\/a><\/h3><\/div><\/div><!-- .lsow-image-info --><\/div><\/article><!-- .hentry --><\/div><div data-id=\"id-2165\" class=\"lsow-grid-item lsow-portfolio-item  term-88\"><article id=\"post-2165\" class=\"post-2165 page type-page status-publish has-post-thumbnail hentry category-fermebio\"><div class=\"lsow-project-image\"><a href=\"http:\/\/www.jardintereausol.ca\/\" target=\"_self\"><img decoding=\"async\" width=\"300\" height=\"300\" src=\"https:\/\/clickclick.live\/wp-content\/uploads\/2022\/05\/TEREAUSOL-300x300.png\" class=\"lsow-image skip-lazy no-lazyload exclude-me a3-notlazy wp-post-image\" alt=\"\" data-no-lazy=\"1\" loading=\"eager\" srcset=\"https:\/\/clickclick.live\/wp-content\/uploads\/2022\/05\/TEREAUSOL-300x300.png 300w, https:\/\/clickclick.live\/wp-content\/uploads\/2022\/05\/TEREAUSOL-150x150.png 150w, https:\/\/clickclick.live\/wp-content\/uploads\/2022\/05\/TEREAUSOL-768x768.png 768w, https:\/\/clickclick.live\/wp-content\/uploads\/2022\/05\/TEREAUSOL-12x12.png 12w, https:\/\/clickclick.live\/wp-content\/uploads\/2022\/05\/TEREAUSOL-24x24.png 24w, https:\/\/clickclick.live\/wp-content\/uploads\/2022\/05\/TEREAUSOL-36x36.png 36w, https:\/\/clickclick.live\/wp-content\/uploads\/2022\/05\/TEREAUSOL-48x48.png 48w, https:\/\/clickclick.live\/wp-content\/uploads\/2022\/05\/TEREAUSOL-600x600.png 600w, https:\/\/clickclick.live\/wp-content\/uploads\/2022\/05\/TEREAUSOL-200x200.png 200w, https:\/\/clickclick.live\/wp-content\/uploads\/2022\/05\/TEREAUSOL-560x560.png 560w, https:\/\/clickclick.live\/wp-content\/uploads\/2022\/05\/TEREAUSOL.png 800w\" sizes=\"(max-width: 300px) 100vw, 300px\" title=\"\" \/><\/a><div class=\"lsow-image-info\"><div class=\"lsow-entry-info\"><h3 class=\"lsow-post-title\"><a href=\"http:\/\/www.jardintereausol.ca\/\" title=\"JARDIN TEREAUSOL\" target=\"_self\" rel=\"bookmark\">JARDIN TEREAUSOL<\/a><\/h3><\/div><\/div><!-- .lsow-image-info --><\/div><\/article><!-- .hentry --><\/div><div data-id=\"id-2162\" class=\"lsow-grid-item lsow-portfolio-item  term-88\"><article id=\"post-2162\" class=\"post-2162 page type-page status-publish has-post-thumbnail hentry category-fermebio\"><div class=\"lsow-project-image\"><a href=\"https:\/\/www.jardinsdacote.com\/\" target=\"_self\"><img decoding=\"async\" width=\"300\" height=\"300\" src=\"https:\/\/clickclick.live\/wp-content\/uploads\/2022\/05\/cote-300x300.png\" class=\"lsow-image skip-lazy no-lazyload exclude-me a3-notlazy wp-post-image\" alt=\"\" data-no-lazy=\"1\" loading=\"eager\" srcset=\"https:\/\/clickclick.live\/wp-content\/uploads\/2022\/05\/cote-300x300.png 300w, https:\/\/clickclick.live\/wp-content\/uploads\/2022\/05\/cote-150x150.png 150w, https:\/\/clickclick.live\/wp-content\/uploads\/2022\/05\/cote-768x768.png 768w, https:\/\/clickclick.live\/wp-content\/uploads\/2022\/05\/cote-12x12.png 12w, https:\/\/clickclick.live\/wp-content\/uploads\/2022\/05\/cote-24x24.png 24w, https:\/\/clickclick.live\/wp-content\/uploads\/2022\/05\/cote-36x36.png 36w, https:\/\/clickclick.live\/wp-content\/uploads\/2022\/05\/cote-48x48.png 48w, https:\/\/clickclick.live\/wp-content\/uploads\/2022\/05\/cote-600x600.png 600w, https:\/\/clickclick.live\/wp-content\/uploads\/2022\/05\/cote-200x200.png 200w, https:\/\/clickclick.live\/wp-content\/uploads\/2022\/05\/cote-560x560.png 560w, https:\/\/clickclick.live\/wp-content\/uploads\/2022\/05\/cote.png 800w\" sizes=\"(max-width: 300px) 100vw, 300px\" title=\"\" \/><\/a><div class=\"lsow-image-info\"><div class=\"lsow-entry-info\"><h3 class=\"lsow-post-title\"><a href=\"https:\/\/www.jardinsdacote.com\/\" title=\"LES JARDINS D&#8217;\u00c0 C\u00d4T\u00c9\" target=\"_self\" rel=\"bookmark\">LES JARDINS D&#8217;\u00c0 C\u00d4T\u00c9<\/a><\/h3><\/div><\/div><!-- .lsow-image-info --><\/div><\/article><!-- .hentry --><\/div><div data-id=\"id-2159\" class=\"lsow-grid-item lsow-portfolio-item  term-88\"><article id=\"post-2159\" class=\"post-2159 page type-page status-publish has-post-thumbnail hentry category-fermebio\"><div class=\"lsow-project-image\"><a href=\"https:\/\/fermebrylee.ca\/\" target=\"_self\"><img decoding=\"async\" width=\"300\" height=\"300\" src=\"https:\/\/clickclick.live\/wp-content\/uploads\/2022\/05\/brylee-300x300.png\" class=\"lsow-image skip-lazy no-lazyload exclude-me a3-notlazy wp-post-image\" alt=\"\" data-no-lazy=\"1\" loading=\"eager\" srcset=\"https:\/\/clickclick.live\/wp-content\/uploads\/2022\/05\/brylee-300x300.png 300w, https:\/\/clickclick.live\/wp-content\/uploads\/2022\/05\/brylee-150x150.png 150w, https:\/\/clickclick.live\/wp-content\/uploads\/2022\/05\/brylee-768x768.png 768w, https:\/\/clickclick.live\/wp-content\/uploads\/2022\/05\/brylee-12x12.png 12w, https:\/\/clickclick.live\/wp-content\/uploads\/2022\/05\/brylee-24x24.png 24w, https:\/\/clickclick.live\/wp-content\/uploads\/2022\/05\/brylee-36x36.png 36w, https:\/\/clickclick.live\/wp-content\/uploads\/2022\/05\/brylee-48x48.png 48w, https:\/\/clickclick.live\/wp-content\/uploads\/2022\/05\/brylee-600x600.png 600w, https:\/\/clickclick.live\/wp-content\/uploads\/2022\/05\/brylee-200x200.png 200w, https:\/\/clickclick.live\/wp-content\/uploads\/2022\/05\/brylee-560x560.png 560w, https:\/\/clickclick.live\/wp-content\/uploads\/2022\/05\/brylee.png 800w\" sizes=\"(max-width: 300px) 100vw, 300px\" title=\"\" \/><\/a><div class=\"lsow-image-info\"><div class=\"lsow-entry-info\"><h3 class=\"lsow-post-title\"><a href=\"https:\/\/fermebrylee.ca\/\" title=\"Ferme Brylee\" target=\"_self\" rel=\"bookmark\">Ferme Brylee<\/a><\/h3><\/div><\/div><!-- .lsow-image-info --><\/div><\/article><!-- .hentry --><\/div><\/div><!-- .lsow-portfolio --><\/div><!-- .lsow-portfolio-wrap --><\/div><\/div><\/div><\/div><\/div>","protected":false},"excerpt":{"rendered":"<p>Cabane \u00e0 sucre la Coul\u00e9eChez Ti-MousseSucrerie du TerroirL&#8217;\u00c9rabli\u00e8re St GermainLe Domain de L&#8217;Ange GardienFerme Aux Pleines SaveursFERME COOP LA ROS\u00c9EJARDIN TEREAUSOLLES JARDINS D&#8217;\u00c0 C\u00d4T\u00c9Ferme Brylee<\/p>","protected":false},"author":1,"featured_media":1630,"parent":0,"menu_order":81,"comment_status":"closed","ping_status":"closed","template":"","meta":{"_bbp_topic_count":0,"_bbp_reply_count":0,"_bbp_total_topic_count":0,"_bbp_total_reply_count":0,"_bbp_voice_count":0,"_bbp_anonymous_reply_count":0,"_bbp_topic_count_hidden":0,"_bbp_reply_count_hidden":0,"_bbp_forum_subforum_count":0,"_coblocks_attr":"","_coblocks_dimensions":"","_coblocks_responsive_height":"","_coblocks_accordion_ie_support":"","_rtcl_gb_attr":"","pgc_sgb_lightbox_settings":"","footnotes":"","_links_to":"","_links_to_target":""},"categories":[80],"tags":[],"class_list":["post-1200","page","type-page","status-publish","has-post-thumbnail","hentry","category-mainmenu"],"_links":{"self":[{"href":"https:\/\/clickclick.live\/fr\/wp-json\/wp\/v2\/pages\/1200","targetHints":{"allow":["GET"]}}],"collection":[{"href":"https:\/\/clickclick.live\/fr\/wp-json\/wp\/v2\/pages"}],"about":[{"href":"https:\/\/clickclick.live\/fr\/wp-json\/wp\/v2\/types\/page"}],"author":[{"embeddable":true,"href":"https:\/\/clickclick.live\/fr\/wp-json\/wp\/v2\/users\/1"}],"replies":[{"embeddable":true,"href":"https:\/\/clickclick.live\/fr\/wp-json\/wp\/v2\/comments?post=1200"}],"version-history":[{"count":18,"href":"https:\/\/clickclick.live\/fr\/wp-json\/wp\/v2\/pages\/1200\/revisions"}],"predecessor-version":[{"id":5440,"href":"https:\/\/clickclick.live\/fr\/wp-json\/wp\/v2\/pages\/1200\/revisions\/5440"}],"wp:featuredmedia":[{"embeddable":true,"href":"https:\/\/clickclick.live\/fr\/wp-json\/wp\/v2\/media\/1630"}],"wp:attachment":[{"href":"https:\/\/clickclick.live\/fr\/wp-json\/wp\/v2\/media?parent=1200"}],"wp:term":[{"taxonomy":"category","embeddable":true,"href":"https:\/\/clickclick.live\/fr\/wp-json\/wp\/v2\/categories?post=1200"},{"taxonomy":"post_tag","embeddable":true,"href":"https:\/\/clickclick.live\/fr\/wp-json\/wp\/v2\/tags?post=1200"}],"curies":[{"name":"wp","href":"https:\/\/api.w.org\/{rel}","templated":true}]}}