{"id":1201,"date":"2021-11-16T17:43:20","date_gmt":"2021-11-16T17:43:20","guid":{"rendered":"https:\/\/clickclick.live\/?page_id=1201"},"modified":"2022-03-28T17:20:32","modified_gmt":"2022-03-28T17:20:32","slug":"projets-vert","status":"publish","type":"page","link":"https:\/\/clickclick.live\/fr\/projets-vert\/","title":{"rendered":"Projets verts"},"content":{"rendered":"<div id=\"pl-1201\"  class=\"panel-layout\" ><div id=\"pg-1201-0\"  class=\"panel-grid panel-no-style\" ><div id=\"pgc-1201-0-0\"  class=\"panel-grid-cell\" ><div id=\"panel-1201-0-0-0\" class=\"widget_text so-panel widget widget_custom_html panel-first-child\" data-index=\"0\" ><div class=\"textwidget custom-html-widget\"><!-- The video -->\n<img decoding=\"async\" id=\"myGIF\" src=\"\/wp-content\/uploads\/headers\/animationpojectvert.gif\">\n<video autoplay playsinline loop muted id=\"myVideo\" >\n\t<source src=\"\/wp-content\/uploads\/headers\/animationprojetvert.mp4\" type=\"video\/mp4\">\n<\/video>\n<!-- Optional: some overlay text to describe the video -->\n<div class=\"content\">\n\n<\/div>\n\n<style>\n#myVideo {\n  min-width: 100%;\n  min-height: 100%;\n}\n\n\/* Add some content at the bottom of the video\/page *\/\n.content {\n  position: fixed;\n  bottom: 0;\n  background: rgba(0, 0, 0, 0.5);\n  color: #f1f1f1;\n  width: 100%;\n  padding: 20px;\n}\n\n\/* Style the button used to pause\/play the video *\/\n#myBtn {\n  width: 200px;\n  font-size: 18px;\n  padding: 10px;\n  border: none;\n  background: #000;\n  color: #fff;\n  cursor: pointer;\n}\n\n#myBtn:hover {\n  background: #ddd;\n  color: black;\n}\n\t.header-filter {\n    position: absolute;\n    top: 0;\n    bottom: 0;\n    left: 0;\n    right: 0;\n    z-index: -1;\n    background-position: center center;\n    background-size: cover;\n}\n\t\n\t#myGIF {\n    padding: 0;\n    z-index: 10;\n    width: 100%;\n    margin: 0;\n\t\tdisplay:none;\n}\n\t@media (pointer: coarse) and (hover: none) {\n  #myGIF {\n    display: block;\n  }\n\n  #myVideo {\n    display: none;\n  }\n}\n<\/style>\n\n<script>\n\tadd_action( 'wp_loaded','my_minify_html' );\nfunction my_minify_html() {\n  console.log('page is fully loaded');\n\t\t\t$('myVideo').trigger('play');\n}\n\n\n<\/script><\/div><\/div><div id=\"panel-1201-0-0-1\" class=\"so-panel widget widget_lsow-portfolio\" data-index=\"1\" ><div\n\t\t\t\n\t\t\tclass=\"so-widget-lsow-portfolio so-widget-lsow-portfolio-default-1deac25177d5-1201\"\n\t\t\t\n\t\t><\/div><\/div><div id=\"panel-1201-0-0-2\" class=\"widget_text so-panel widget widget_custom_html panel-last-child\" data-index=\"2\" ><div class=\"textwidget custom-html-widget\">la terre est notre plus grande richesse donque faut en prendre soin.\n<ol>\n<li> Se mettre au bio\nNi pesticides, ni OGM, ni additifs \u00e0 l'exc\u00e8s (colorants, exhausteurs de go\u00fbt, etc.), un mode d'\u00e9levage plus respectueux des animaux\u2026 Quand on mange bio, on pr\u00e9serve les sols, les rivi\u00e8res et sa sant\u00e9. C'est d'autant plus facile qu'on en trouve partout, des boutiques sp\u00e9cialis\u00e9es aux supermarch\u00e9s. M\u00eame si cela co\u00fbte un peu plus cher, le jeu en vaut la chandelle !\nPourquoi ? On trouve des pesticides dans 53 % des cours d'eau et dans 31 % des nappes phr\u00e9atiques.<\/li>\n<li> Acheter local\nVous achetez du bio, bravo ! Mais si les produits sont suremball\u00e9s et cultiv\u00e9s loin de chez vous, les b\u00e9n\u00e9fices pour la plan\u00e8te sont annul\u00e9s. Abonnez-vous \u00e0 l'une des nombreuses structures qui promeuvent l'agriculture de proximit\u00e9, Associations pour le maintien d'une agriculture paysanne local.\nPourquoi ? Des fraises achet\u00e9es en hiver n\u00e9cessitent 25 fois plus de p\u00e9trole (pour le transport) que celles de saison (printemps) produites localement.<\/li>\n<li> Cultiver son potager\nIl n'y a pas de circuit de distribution plus direct que celui qui va de votre jardin \u00e0 votre assiette ! Basique et efficace.\nPourquoi ? En plantant des vari\u00e9t\u00e9s anciennes de l\u00e9gumes, vous faites de votre potager un lieu propice \u00e0 la biodiversit\u00e9.<\/li>\n<li> Adopter des poules\nQui ne r\u00eave pas d'avoir des \u0153ufs frais, pondus au fond de son jardin par de sympathiques gallinac\u00e9s ? D'autant que les poules mangent tous vos d\u00e9chets organiques !\nPourquoi ? Une famille de quatre personnes peut r\u00e9duire de 300 kilos ses d\u00e9chets en les donnant \u00e0 manger \u00e0 deux poules.<\/li>\n<li>LES POUBELLES. Limiter sa production de d\u00e9chets.<\/li>\n<li>utiliser les energies verte<\/li>\n<li>Faire du compost\nAu fond de son jardin, dans son appartement (le lombricompostage ne d\u00e9gage aucune odeur !), au pied de son immeuble dans un bac partag\u00e9 avec ses voisins, dans un jardin public\u2026 Il existe une multitude de solutions pour faire du compost et obtenir un bon engrais gr\u00e2ce \u00e0 ses d\u00e9chets. Pour savoir comment vous y mettre, rendez-vous sur Biodechets.org.\nPourquoi ? Composter ses d\u00e9chets organiques r\u00e9duit d'un tiers le volume de sa poubelle.<\/li>\n<li>Recycler\nAu moins des millions de t\u00e9l\u00e9phones dorment dans les tiroirs ! C'est une ressource inexploit\u00e9e. Mieux vaut donner ses appareils \u00e0 un r\u00e9seau solidaire, s'ils fonctionnent ou sont r\u00e9parables (Emma\u00fcs ou le r\u00e9seau Envie, par exemple). Sinon, il est pr\u00e9f\u00e9rable de les d\u00e9poser dans un meuble de collecte, une d\u00e9chetterie ou chez les distributeurs qui ont l'obligation de les reprendre.\nPourquoi ? Une tonne de cartes \u00e9lectroniques peut contenir 200 grammes d'or.<\/li>\n<li>Prendre les transports en commun\nUn bus transporte, en nombre de passagers, l'\u00e9quivalent de 40 \u00e0 50 voitures. Pour d\u00e9sencombrer les villes, il est \u00e0 privil\u00e9gier. <\/li>\n<li>Utiliser le covoiturage. En semaine, 75 % des automobiles transportent leur seul chauffeur, et 20 % ne comptent que deux personnes.<\/li>\n\n<\/ol>\n\n<\/div><\/div><\/div><\/div><\/div>","protected":false},"excerpt":{"rendered":"<p>la terre est notre plus grande richesse donque faut en prendre soin. Se mettre au bio Ni pesticides, ni OGM, ni additifs \u00e0 l&#8217;exc\u00e8s (colorants, exhausteurs de go\u00fbt, etc.), un mode d&#8217;\u00e9levage plus respectueux des animaux\u2026 Quand on mange bio, on pr\u00e9serve les sols, les rivi\u00e8res et sa sant\u00e9. C&#8217;est d&#8217;autant plus facile qu&#8217;on en<\/p>","protected":false},"author":1,"featured_media":1449,"parent":0,"menu_order":82,"comment_status":"closed","ping_status":"closed","template":"pagebuilder.php","meta":{"_bbp_topic_count":0,"_bbp_reply_count":0,"_bbp_total_topic_count":0,"_bbp_total_reply_count":0,"_bbp_voice_count":0,"_bbp_anonymous_reply_count":0,"_bbp_topic_count_hidden":0,"_bbp_reply_count_hidden":0,"_bbp_forum_subforum_count":0,"_coblocks_attr":"","_coblocks_dimensions":"","_coblocks_responsive_height":"","_coblocks_accordion_ie_support":"","_rtcl_gb_attr":"","pgc_sgb_lightbox_settings":"","footnotes":"","_links_to":"","_links_to_target":""},"categories":[80],"tags":[],"class_list":["post-1201","page","type-page","status-publish","has-post-thumbnail","hentry","category-mainmenu"],"_links":{"self":[{"href":"https:\/\/clickclick.live\/fr\/wp-json\/wp\/v2\/pages\/1201","targetHints":{"allow":["GET"]}}],"collection":[{"href":"https:\/\/clickclick.live\/fr\/wp-json\/wp\/v2\/pages"}],"about":[{"href":"https:\/\/clickclick.live\/fr\/wp-json\/wp\/v2\/types\/page"}],"author":[{"embeddable":true,"href":"https:\/\/clickclick.live\/fr\/wp-json\/wp\/v2\/users\/1"}],"replies":[{"embeddable":true,"href":"https:\/\/clickclick.live\/fr\/wp-json\/wp\/v2\/comments?post=1201"}],"version-history":[{"count":22,"href":"https:\/\/clickclick.live\/fr\/wp-json\/wp\/v2\/pages\/1201\/revisions"}],"predecessor-version":[{"id":1955,"href":"https:\/\/clickclick.live\/fr\/wp-json\/wp\/v2\/pages\/1201\/revisions\/1955"}],"wp:featuredmedia":[{"embeddable":true,"href":"https:\/\/clickclick.live\/fr\/wp-json\/wp\/v2\/media\/1449"}],"wp:attachment":[{"href":"https:\/\/clickclick.live\/fr\/wp-json\/wp\/v2\/media?parent=1201"}],"wp:term":[{"taxonomy":"category","embeddable":true,"href":"https:\/\/clickclick.live\/fr\/wp-json\/wp\/v2\/categories?post=1201"},{"taxonomy":"post_tag","embeddable":true,"href":"https:\/\/clickclick.live\/fr\/wp-json\/wp\/v2\/tags?post=1201"}],"curies":[{"name":"wp","href":"https:\/\/api.w.org\/{rel}","templated":true}]}}