{"id":367,"date":"2017-02-17T15:58:16","date_gmt":"2017-02-17T15:58:16","guid":{"rendered":"http:\/\/besocial.wp4life.com\/?page_id=367"},"modified":"2021-12-16T17:07:21","modified_gmt":"2021-12-16T17:07:21","slug":"home-buddypress","status":"publish","type":"page","link":"https:\/\/clickclick.live\/fr\/home-buddypress\/","title":{"rendered":"Homepage"},"content":{"rendered":"<div id=\"pl-367\"  class=\"panel-layout\" ><div id=\"pg-367-0\"  class=\"panel-grid panel-no-style\" ><div id=\"pgc-367-0-0\"  class=\"panel-grid-cell\" ><div id=\"panel-367-0-0-0\" class=\"so-panel widget widget_besclwp-statistic panel-first-child panel-last-child\" data-index=\"0\" ><div class=\"panel-widget-style panel-widget-style-for-367-0-0-0\" ><div\n\t\t\t\n\t\t\tclass=\"so-widget-besclwp-statistic so-widget-besclwp-statistic-base\"\n\t\t\t\n\t\t><div class=\"besclwp-statistic\" style=\"font-size:34px;color:#006203;\">\n    <div class=\"besclwp-statistic-icon\" style=\"width:64px;\">\n        <div class=\"besclwp-statistic-icon-inner\" style=\"font-size:34px;color:#ffffff;background-color:#006203;height:64px;line-height:64px;\">\n            <span class=\"sow-icon-ionicons\" data-sow-icon=\"&#xf3a8;\"\n\t\t \n\t\taria-hidden=\"true\"><\/span>        <\/div>\n    <\/div>\n    <div class=\"besclwp-statistic-number\">\n        <div class=\"besclwp-statistic-title\">\n            Activity        <\/div>\n        0    <\/div>\n<\/div><\/div><\/div><\/div><\/div><div id=\"pgc-367-0-1\"  class=\"panel-grid-cell\" ><div id=\"panel-367-0-1-0\" class=\"so-panel widget widget_besclwp-statistic panel-first-child panel-last-child\" data-index=\"1\" ><div class=\"panel-widget-style panel-widget-style-for-367-0-1-0\" ><div\n\t\t\t\n\t\t\tclass=\"so-widget-besclwp-statistic so-widget-besclwp-statistic-base\"\n\t\t\t\n\t\t><div class=\"besclwp-statistic\" style=\"font-size:34px;color:#006203;\">\n    <div class=\"besclwp-statistic-icon\" style=\"width:64px;\">\n        <div class=\"besclwp-statistic-icon-inner\" style=\"font-size:34px;color:#ffffff;background-color:#006203;height:64px;line-height:64px;\">\n            <span class=\"sow-icon-ionicons\" data-sow-icon=\"&#xf213;\"\n\t\t \n\t\taria-hidden=\"true\"><\/span>        <\/div>\n    <\/div>\n    <div class=\"besclwp-statistic-number\">\n        <div class=\"besclwp-statistic-title\">\n            Members        <\/div>\n        69    <\/div>\n<\/div><\/div><\/div><\/div><\/div><div id=\"pgc-367-0-2\"  class=\"panel-grid-cell\" ><div id=\"panel-367-0-2-0\" class=\"so-panel widget widget_besclwp-statistic panel-first-child panel-last-child\" data-index=\"2\" ><div class=\"panel-widget-style panel-widget-style-for-367-0-2-0\" ><div\n\t\t\t\n\t\t\tclass=\"so-widget-besclwp-statistic so-widget-besclwp-statistic-base\"\n\t\t\t\n\t\t><div class=\"besclwp-statistic\" style=\"font-size:34px;color:#006203;\">\n    <div class=\"besclwp-statistic-icon\" style=\"width:64px;\">\n        <div class=\"besclwp-statistic-icon-inner\" style=\"font-size:34px;color:#ffffff;background-color:#006203;height:64px;line-height:64px;\">\n            <span class=\"sow-icon-ionicons\" data-sow-icon=\"&#xf212;\"\n\t\t \n\t\taria-hidden=\"true\"><\/span>        <\/div>\n    <\/div>\n    <div class=\"besclwp-statistic-number\">\n        <div class=\"besclwp-statistic-title\">\n            Groups        <\/div>\n        1    <\/div>\n<\/div><\/div><\/div><\/div><\/div><\/div><div id=\"pg-367-1\"  class=\"panel-grid panel-no-style\" ><div id=\"pgc-367-1-0\"  class=\"panel-grid-cell\" ><div id=\"panel-367-1-0-0\" class=\"so-panel widget widget_besclwp-group-carousel panel-first-child panel-last-child\" data-index=\"3\" ><div class=\"panel-widget-style panel-widget-style-for-367-1-0-0\" ><div\n\t\t\t\n\t\t\tclass=\"so-widget-besclwp-group-carousel so-widget-besclwp-group-carousel-base\"\n\t\t\t\n\t\t><div class=\"buddypress-holder\">\n<div class=\"besclwp-widget-title-s\">\n    <h3>Popular Groups<\/h3>\n    <\/div>\n    \n    \n<div class=\"besclwp-carousel-container\">\n      <div id=\"besclwp-post-carousel-305529654\" class=\"besclwp-member-carousel\">\n                <div class=\"besocial-member-car-outer\">\n            <figure class=\"besocial-car-img\">\n                <a href=\"https:\/\/clickclick.live\/fr\/groups\/%d1%84%d1%84%d1%84%d1%84%d1%84%d1%84%d1%84%d1%84%d1%84%d1%84%d1%84%d1%84%d1%84%d1%84%d1%84%d1%84%d1%84%d1%84%d1%84%d1%84%d1%84%d1%84%d1%84%d1%84%d1%84%d1%84%d1%84%d1%84%d1%84%d1%84\/\"><\/a>\n                <img decoding=\"async\" loading=\"lazy\" src=\"\/\/www.gravatar.com\/avatar\/7522d2d132b9947006e6b0a87f8acea5?s=240&#038;r=g&#038;d=mm\" class=\"avatar group-1-avatar avatar-240 photo\" width=\"240\" height=\"240\" alt=\"Group logo of \u0444\u0444\u0444\u0444\u0444\u0444\u0444\u0444\u0444\u0444\u0444\u0444\u0444\u0444\u0444\u0444\u0444\u0444\u0444\u0444\u0444\u0444\u0444\u0444\u0444\u0444\u0444\u0444\u0444\u0444\" \/>                <figcaption>\n                    <span>\u0444\u0444\u0444\u0444\u0444\u0444\u0444\u0444\u0444\u0444\u0444\u0444\u0444\u0444\u0444\u0444\u0444\u0444\u0444\u0444\u0444\u0444\u0444\u0444\u0444\u0444\u0444\u0444\u0444\u0444<\/span>\n                <\/figcaption>\n            <\/figure>\n        <\/div>\n                \n    <\/div>\n<\/div>\n<script type=\"text\/javascript\">\n(function ($) {\n\"use strict\";    \n$(document).ready(function () {\n    $('#besclwp-post-carousel-305529654').slick({\n                infinite: false,\n                        arrows: false,\n        dots: true,\n        slidesToScroll: 4,\n        slidesToShow: 4,      \n                responsive: [{breakpoint: 900,settings: {slidesToShow: 3,slidesToScroll: 3}},{breakpoint: 768,settings: {slidesToShow: 2,slidesToScroll: 2}},{breakpoint: 320,settings: {slidesToShow: 1,slidesToScroll: 1}}],\n         \n        rows: 1    });\n});\n})(jQuery);        \n<\/script>\n \n    \n<\/div><\/div><\/div><\/div><\/div><div id=\"pgc-367-1-1\"  class=\"panel-grid-cell\" ><div id=\"panel-367-1-1-0\" class=\"so-panel widget widget_bbp_forums_widget widget_display_forums panel-first-child panel-last-child\" data-index=\"4\" ><div class=\"panel-widget-style panel-widget-style-for-367-1-1-0\" ><h3 class=\"widget-title\">Forums<\/h3>\n\t\t<ul class=\"bbp-forums-widget\">\n\n\t\t\t\n\t\t\t\t<li >\n\t\t\t\t\t<a class=\"bbp-forum-title\" href=\"https:\/\/clickclick.live\/fr\/forums\/forum\/forum-rules-and-guidelines\/\">\n\t\t\t\t\t\tForum Rules and Guidelines\t\t\t\t\t<\/a>\n\t\t\t\t<\/li>\n\n\t\t\t\n\t\t\t\t<li >\n\t\t\t\t\t<a class=\"bbp-forum-title\" href=\"\/forum\/\">\n\t\t\t\t\t\tGeneral\t\t\t\t\t<\/a>\n\t\t\t\t<\/li>\n\n\t\t\t\n\t\t\t\t<li >\n\t\t\t\t\t<a class=\"bbp-forum-title\" href=\"https:\/\/clickclick.live\/fr\/forums\/forum\/introduce-yourself\/\">\n\t\t\t\t\t\tIntroduce yourself!\t\t\t\t\t<\/a>\n\t\t\t\t<\/li>\n\n\t\t\t\n\t\t\t\t<li >\n\t\t\t\t\t<a class=\"bbp-forum-title\" href=\"https:\/\/clickclick.live\/fr\/forums\/forum\/upcoming-events\/\">\n\t\t\t\t\t\tUpcoming Events\t\t\t\t\t<\/a>\n\t\t\t\t<\/li>\n\n\t\t\t\n\t\t<\/ul>\n\n\t\t<\/div><\/div><\/div><\/div><div id=\"pg-367-2\"  class=\"panel-grid panel-no-style\" ><div id=\"pgc-367-2-0\"  class=\"panel-grid-cell\" ><div id=\"panel-367-2-0-0\" class=\"so-panel widget widget_besclwp-member-carousel panel-first-child panel-last-child\" data-index=\"5\" ><div class=\"panel-widget-style panel-widget-style-for-367-2-0-0\" ><div\n\t\t\t\n\t\t\tclass=\"so-widget-besclwp-member-carousel so-widget-besclwp-member-carousel-base\"\n\t\t\t\n\t\t><div class=\"buddypress-holder\">\n<div class=\"besclwp-widget-title-s\">\n    <h3>Newest Members<\/h3>\n    <\/div>\n    \n<div class=\"besclwp-carousel-container\">\n      <div id=\"besclwp-post-carousel-1620872924\" class=\"besclwp-member-carousel\">\n                        <div class=\"besocial-member-car-outer besclwp-not-featured\">\n            <figure class=\"besocial-car-img\">\n                <a href=\"https:\/\/clickclick.live\/fr\/members\/ufreegames02\/\"><\/a>\n                <img decoding=\"async\" loading=\"lazy\" src=\"\/\/www.gravatar.com\/avatar\/35caa50b29ed9751d3b40286b1f6c2e3?s=240&#038;r=g&#038;d=mm\" class=\"avatar user-159-avatar avatar-240 photo\" width=\"240\" height=\"240\" alt=\"Illustration du profil de Jerry Helen\" \/>                <figcaption>\n                    <span>Jerry Helen<\/span>\n                <\/figcaption>\n            <\/figure>\n        <\/div>\n                        <div class=\"besocial-member-car-outer besclwp-not-featured\">\n            <figure class=\"besocial-car-img\">\n                <a href=\"https:\/\/clickclick.live\/fr\/members\/totalductcleaningca\/\"><\/a>\n                <img decoding=\"async\" loading=\"lazy\" src=\"\/\/www.gravatar.com\/avatar\/16254d5a8c3377255ad94fadaf2a7464?s=240&#038;r=g&#038;d=mm\" class=\"avatar user-158-avatar avatar-240 photo\" width=\"240\" height=\"240\" alt=\"Illustration du profil de &quot;Total Duct Cleaning&quot; (https:\/\/totalduct.ca)\" \/>                <figcaption>\n                    <span>&quot;Total Duct Cleaning&quot; (https:\/\/totalduct.ca)<\/span>\n                <\/figcaption>\n            <\/figure>\n        <\/div>\n                        <div class=\"besocial-member-car-outer besclwp-not-featured\">\n            <figure class=\"besocial-car-img\">\n                <a href=\"https:\/\/clickclick.live\/fr\/members\/expert\/\"><\/a>\n                <img decoding=\"async\" loading=\"lazy\" src=\"\/\/www.gravatar.com\/avatar\/511bdf6d2b635d6b8f7f00fe29994090?s=240&#038;r=g&#038;d=mm\" class=\"avatar user-157-avatar avatar-240 photo\" width=\"240\" height=\"240\" alt=\"Illustration du profil de expert\" \/>                <figcaption>\n                    <span>expert<\/span>\n                <\/figcaption>\n            <\/figure>\n        <\/div>\n                        <div class=\"besocial-member-car-outer besclwp-not-featured\">\n            <figure class=\"besocial-car-img\">\n                <a href=\"https:\/\/clickclick.live\/fr\/members\/issaibrahim\/\"><\/a>\n                <img decoding=\"async\" loading=\"lazy\" src=\"\/\/www.gravatar.com\/avatar\/eb2d747ac9676dbdaaa292f7323a57a3?s=240&#038;r=g&#038;d=mm\" class=\"avatar user-3-avatar avatar-240 photo\" width=\"240\" height=\"240\" alt=\"Illustration du profil de issa ibrahim\" \/>                <figcaption>\n                    <span>issa ibrahim<\/span>\n                <\/figcaption>\n            <\/figure>\n        <\/div>\n                        <div class=\"besocial-member-car-outer besclwp-not-featured\">\n            <figure class=\"besocial-car-img\">\n                <a href=\"https:\/\/clickclick.live\/fr\/members\/laurence\/\"><\/a>\n                <img decoding=\"async\" loading=\"lazy\" src=\"\/\/www.gravatar.com\/avatar\/19770d64d2462e69805a055b9e218d88?s=240&#038;r=g&#038;d=mm\" class=\"avatar user-2-avatar avatar-240 photo\" width=\"240\" height=\"240\" alt=\"Illustration du profil de Laurence Saliba\" \/>                <figcaption>\n                    <span>Laurence Saliba<\/span>\n                <\/figcaption>\n            <\/figure>\n        <\/div>\n                \n    <\/div>\n<\/div>\n<script type=\"text\/javascript\">\n(function ($) {\n\"use strict\";    \n$(document).ready(function () {\n    $('#besclwp-post-carousel-1620872924').slick({\n                infinite: false,\n                        arrows: false,\n        dots: true,\n        slidesToScroll: 8,\n        slidesToShow: 8,      \n                responsive: [{breakpoint: 1370,settings: {slidesToShow: 7,slidesToScroll: 7}},{breakpoint: 1170,settings: {slidesToShow: 6,slidesToScroll: 6}},{breakpoint: 900,settings: {slidesToShow: 5,slidesToScroll: 5}},{breakpoint: 768,settings: {slidesToShow: 4,slidesToScroll: 4}},{breakpoint: 640,settings: {slidesToShow: 3,slidesToScroll: 3}},{breakpoint: 480,settings: {slidesToShow: 2,slidesToScroll: 2}},{breakpoint: 320,settings: {slidesToShow: 1,slidesToScroll: 1}}],\n         \n        rows: 1    });\n});\n})(jQuery);        \n<\/script>\n    \n<\/div><\/div><\/div><\/div><\/div><\/div><div id=\"pg-367-3\"  class=\"panel-grid panel-no-style\" ><div id=\"pgc-367-3-0\"  class=\"panel-grid-cell\" ><div id=\"panel-367-3-0-0\" class=\"so-panel widget widget_besclwp-activity panel-first-child panel-last-child\" data-index=\"6\" ><div class=\"panel-widget-style panel-widget-style-for-367-3-0-0\" ><div\n\t\t\t\n\t\t\tclass=\"so-widget-besclwp-activity so-widget-besclwp-activity-base\"\n\t\t\t\n\t\t>\n<div class=\"buddypress-holder\">\n        <h3>Sitewide Activity<\/h3>\n    \n\t\n\t\n\t<div id=\"template-notices\" role=\"alert\" aria-atomic=\"true\">\n\t\t\t<\/div>\n\n    \t<div class=\"item-list-tabs activity-type-tabs\" aria-label=\"Sitewide activities navigation\" role=\"navigation\">\n\t\t<ul>\n\t\t\t            \n            \t\t\t<li class=\"selected\" id=\"activity-all\"><a href=\"https:\/\/clickclick.live\/fr\/activity\/\">All Members <span>6<\/span><\/a><\/li>\n            \n\t\t\t\n\t\t\t\t\t<\/ul>\n\t<\/div>\n    \n        <div id=\"besocial-bp-bar\" class=\"moremargin\">\n                <ul id=\"besocial-bp-bar-left\">\n            <li><a href=\"https:\/\/clickclick.live\/fr\/activity\/feed\/\" title=\"RSS Feed\"><i class=\"fa fa-rss-square\"><\/i><\/a><\/li>\n        <\/ul>\n                <ul id=\"besocial-bp-bar-right\">\n            <li id=\"activity-filter-select\">\n            <select id=\"activity-filter-by\">\n                <option value=\"-1\">&mdash; Show Everything &mdash;<\/option>\n                <option value=\"new_member\">Nouveaux membres<\/option>\n<option value=\"updated_profile\">Mise \u00e0 jour des profils<\/option>\n<option value=\"activity_update\">Mises \u00e0 jour<\/option>\n<option value=\"friendship_accepted,friendship_created\">Mes contacts<\/option>\n<option value=\"created_group\">Nouveaux groupes<\/option>\n<option value=\"joined_group\">Demandes d&#039;adh\u00e9sion au groupe<\/option>\n<option value=\"group_details_updated\">Mises \u00e0 jour du Groupe<\/option>\n<option value=\"bbp_topic_create\">Topics<\/option>\n<option value=\"bbp_reply_create\">Replies<\/option>\n                            <\/select>\n            <\/li>\n        <\/ul>\n    <\/div>\n    \n\t\n\t<div class=\"activity\" aria-live=\"polite\" aria-atomic=\"true\" aria-relevant=\"all\">\n            \n        \n\n    \n\t        <input type=\"hidden\" id=\"_wpnonce_new_activity_comment\" name=\"_wpnonce_new_activity_comment\" value=\"a36bee9e76\" \/><input type=\"hidden\" name=\"_wp_http_referer\" value=\"\/fr\/wp-json\/wp\/v2\/pages\/367\" \/>\t\t<ul id=\"activity-stream\" class=\"activity-list item-list\">\n\n\t\t\n\t\t \n      \n<li class=\"members new_member activity-item mini\" id=\"activity-122\">\n    \n    \t<div class=\"activity-avatar besocial-img-tooltip\" data-thumb=\"\/\/www.gravatar.com\/avatar\/e5a0b05a63d805b91349c5c130f9c724?s=240&#038;r=g&#038;d=mm\" data-cover=\"https:\/\/clickclick.live\/wp-content\/themes\/besocial\/images\/buddypress-default-cover.png\" data-membername=\"JasonLem\" data-since=\"Member since mars 20, 2026\" data-count=\"\" data-featured=\"besclwp-not-featured\" data-bio=\"\">\n        \t\t<a href=\"https:\/\/clickclick.live\/fr\/members\/jasonlem\/\">\n\n\t\t\t<img decoding=\"async\" loading=\"lazy\" src=\"\/\/www.gravatar.com\/avatar\/e5a0b05a63d805b91349c5c130f9c724?s=100&#038;r=g&#038;d=mm\" class=\"avatar user-161-avatar avatar-100 photo\" width=\"100\" height=\"100\" alt=\"Illustration du profil de JasonLem\" \/>\n\t\t<\/a>\n\t<\/div>\n\n\t<div class=\"activity-content\">\n\n\t\t<div class=\"activity-header\">\n\n\t\t\t<p><a href=\"https:\/\/clickclick.live\/fr\/members\/jasonlem\/\">JasonLem<\/a> s&#039;est inscrit <a href=\"https:\/\/clickclick.live\/fr\/activity\/p\/122\/\" class=\"view activity-time-since bp-tooltip\" data-bp-tooltip=\"Afficher les discussions\"><span class=\"time-since\" data-livestamp=\"2026-03-20T05:42:52+0000\">il y a 4 semaines et 1 jour<\/span><\/a><\/p>\n\n\t\t<\/div>\n\n\t\t\n\t\t\t<div class=\"activity-inner\">\n\n\t\t\t\t\n\t\t\t<\/div>\n\n\t\t\n\t\t\n\t\t<div class=\"activity-meta\">\n\n\t\t\t\n\t\t\t\n\t\t<\/div>\n\n\t<\/div>\n\n\t\n\t\n\t\t<div class=\"activity-comments\">\n\n\t\t\t\n\t\t\t\n\t\t<\/div>\n\n\t\n\t\n<\/li>\n\n\n\t\n\t\t \n      \n<li class=\"members new_member activity-item mini\" id=\"activity-121\">\n    \n    \t<div class=\"activity-avatar besocial-img-tooltip\" data-thumb=\"\/\/www.gravatar.com\/avatar\/543c489c6ecee7cf4c911396b25ad0ab?s=240&#038;r=g&#038;d=mm\" data-cover=\"https:\/\/clickclick.live\/wp-content\/themes\/besocial\/images\/buddypress-default-cover.png\" data-membername=\"Johnnyamand\" data-since=\"Member since novembre 22, 2025\" data-count=\"\" data-featured=\"besclwp-not-featured\" data-bio=\"\">\n        \t\t<a href=\"https:\/\/clickclick.live\/fr\/members\/johnnyamand\/\">\n\n\t\t\t<img decoding=\"async\" loading=\"lazy\" src=\"\/\/www.gravatar.com\/avatar\/543c489c6ecee7cf4c911396b25ad0ab?s=100&#038;r=g&#038;d=mm\" class=\"avatar user-160-avatar avatar-100 photo\" width=\"100\" height=\"100\" alt=\"Illustration du profil de Johnnyamand\" \/>\n\t\t<\/a>\n\t<\/div>\n\n\t<div class=\"activity-content\">\n\n\t\t<div class=\"activity-header\">\n\n\t\t\t<p><a href=\"https:\/\/clickclick.live\/fr\/members\/johnnyamand\/\">Johnnyamand<\/a> s&#039;est inscrit <a href=\"https:\/\/clickclick.live\/fr\/activity\/p\/121\/\" class=\"view activity-time-since bp-tooltip\" data-bp-tooltip=\"Afficher les discussions\"><span class=\"time-since\" data-livestamp=\"2025-11-22T03:41:03+0000\">il y a 4 mois et 3 semaines<\/span><\/a><\/p>\n\n\t\t<\/div>\n\n\t\t\n\t\t\t<div class=\"activity-inner\">\n\n\t\t\t\t\n\t\t\t<\/div>\n\n\t\t\n\t\t\n\t\t<div class=\"activity-meta\">\n\n\t\t\t\n\t\t\t\n\t\t<\/div>\n\n\t<\/div>\n\n\t\n\t\n\t\t<div class=\"activity-comments\">\n\n\t\t\t\n\t\t\t\n\t\t<\/div>\n\n\t\n\t\n<\/li>\n\n\n\t\n\t\t \n      \n<li class=\"members new_member activity-item mini\" id=\"activity-119\">\n    \n    \t<div class=\"activity-avatar besocial-img-tooltip\" data-thumb=\"\/\/www.gravatar.com\/avatar\/35caa50b29ed9751d3b40286b1f6c2e3?s=240&#038;r=g&#038;d=mm\" data-cover=\"https:\/\/clickclick.live\/wp-content\/themes\/besocial\/images\/buddypress-default-cover.png\" data-membername=\"Jerry Helen\" data-since=\"Member since avril 28, 2025\" data-count=\"\" data-featured=\"besclwp-not-featured\" data-bio=\"\">\n        \t\t<a href=\"https:\/\/clickclick.live\/fr\/members\/ufreegames02\/\">\n\n\t\t\t<img decoding=\"async\" loading=\"lazy\" src=\"\/\/www.gravatar.com\/avatar\/35caa50b29ed9751d3b40286b1f6c2e3?s=100&#038;r=g&#038;d=mm\" class=\"avatar user-159-avatar avatar-100 photo\" width=\"100\" height=\"100\" alt=\"Illustration du profil de Jerry Helen\" \/>\n\t\t<\/a>\n\t<\/div>\n\n\t<div class=\"activity-content\">\n\n\t\t<div class=\"activity-header\">\n\n\t\t\t<p><a href=\"https:\/\/clickclick.live\/fr\/members\/ufreegames02\/\">Jerry Helen<\/a> s&#039;est inscrit <a href=\"https:\/\/clickclick.live\/fr\/activity\/p\/119\/\" class=\"view activity-time-since bp-tooltip\" data-bp-tooltip=\"Afficher les discussions\"><span class=\"time-since\" data-livestamp=\"2025-04-28T12:29:29+0000\">il y a 11 mois et 3 semaines<\/span><\/a><\/p>\n\n\t\t<\/div>\n\n\t\t\n\t\t\t<div class=\"activity-inner\">\n\n\t\t\t\t\n\t\t\t<\/div>\n\n\t\t\n\t\t\n\t\t<div class=\"activity-meta\">\n\n\t\t\t\n\t\t\t\n\t\t<\/div>\n\n\t<\/div>\n\n\t\n\t\n\t\t<div class=\"activity-comments\">\n\n\t\t\t\n\t\t\t\n\t\t<\/div>\n\n\t\n\t\n<\/li>\n\n\n\t\n\t\t \n      \n<li class=\"xprofile updated_profile activity-item mini\" id=\"activity-118\">\n    \n    \t<div class=\"activity-avatar besocial-img-tooltip\" data-thumb=\"\/\/www.gravatar.com\/avatar\/16254d5a8c3377255ad94fadaf2a7464?s=240&#038;r=g&#038;d=mm\" data-cover=\"https:\/\/clickclick.live\/wp-content\/uploads\/buddypress\/members\/158\/cover-image\/67adc681052b7-bp-cover-image.png\" data-membername=\"&quot;Total Duct Cleaning&quot; (https:\/\/totalduct.ca)\" data-since=\"Member since f\u00e9vrier 13, 2025\" data-count=\"\" data-featured=\"besclwp-not-featured\" data-bio=\"\">\n        \t\t<a href=\"https:\/\/clickclick.live\/fr\/members\/totalductcleaningca\/\">\n\n\t\t\t<img decoding=\"async\" loading=\"lazy\" src=\"\/\/www.gravatar.com\/avatar\/16254d5a8c3377255ad94fadaf2a7464?s=100&#038;r=g&#038;d=mm\" class=\"avatar user-158-avatar avatar-100 photo\" width=\"100\" height=\"100\" alt=\"Illustration du profil de &quot;Total Duct Cleaning&quot; (https:\/\/totalduct.ca)\" \/>\n\t\t<\/a>\n\t<\/div>\n\n\t<div class=\"activity-content\">\n\n\t\t<div class=\"activity-header\">\n\n\t\t\t<p>Le profil de <a href=\"https:\/\/clickclick.live\/fr\/members\/totalductcleaningca\/profile\/\">&quot;Total Duct Cleaning&quot; (<\/a><a href=\"https:\/\/totalduct.ca\">https:\/\/totalduct.ca<\/a>) a \u00e9t\u00e9 mis \u00e0 jour <a href=\"https:\/\/clickclick.live\/fr\/activity\/p\/118\/\" class=\"view activity-time-since bp-tooltip\" data-bp-tooltip=\"Afficher les discussions\"><span class=\"time-since\" data-livestamp=\"2025-02-13T10:15:43+0000\">il y a 1 ann\u00e9e et 2 mois<\/span><\/a><\/p>\n\n\t\t<\/div>\n\n\t\t\n\t\t\t<div class=\"activity-inner\">\n\n\t\t\t\t\n\t\t\t<\/div>\n\n\t\t\n\t\t\n\t\t<div class=\"activity-meta\">\n\n\t\t\t\n\t\t\t\n\t\t<\/div>\n\n\t<\/div>\n\n\t\n\t\n\t\t<div class=\"activity-comments\">\n\n\t\t\t\n\t\t\t\n\t\t<\/div>\n\n\t\n\t\n<\/li>\n\n\n\t\n\t\t \n      \n<li class=\"members new_member activity-item mini\" id=\"activity-116\">\n    \n    \t<div class=\"activity-avatar besocial-img-tooltip\" data-thumb=\"\/\/www.gravatar.com\/avatar\/16254d5a8c3377255ad94fadaf2a7464?s=240&#038;r=g&#038;d=mm\" data-cover=\"https:\/\/clickclick.live\/wp-content\/uploads\/buddypress\/members\/158\/cover-image\/67adc681052b7-bp-cover-image.png\" data-membername=\"&quot;Total Duct Cleaning&quot; (https:\/\/totalduct.ca)\" data-since=\"Member since f\u00e9vrier 13, 2025\" data-count=\"\" data-featured=\"besclwp-not-featured\" data-bio=\"\">\n        \t\t<a href=\"https:\/\/clickclick.live\/fr\/members\/totalductcleaningca\/\">\n\n\t\t\t<img decoding=\"async\" loading=\"lazy\" src=\"\/\/www.gravatar.com\/avatar\/16254d5a8c3377255ad94fadaf2a7464?s=100&#038;r=g&#038;d=mm\" class=\"avatar user-158-avatar avatar-100 photo\" width=\"100\" height=\"100\" alt=\"Illustration du profil de &quot;Total Duct Cleaning&quot; (https:\/\/totalduct.ca)\" \/>\n\t\t<\/a>\n\t<\/div>\n\n\t<div class=\"activity-content\">\n\n\t\t<div class=\"activity-header\">\n\n\t\t\t<p><a href=\"https:\/\/clickclick.live\/fr\/members\/totalductcleaningca\/\">&quot;Total Duct Cleaning&quot; (<\/a><a href=\"https:\/\/totalduct.ca\">https:\/\/totalduct.ca<\/a>) s&#039;est inscrit <a href=\"https:\/\/clickclick.live\/fr\/activity\/p\/116\/\" class=\"view activity-time-since bp-tooltip\" data-bp-tooltip=\"Afficher les discussions\"><span class=\"time-since\" data-livestamp=\"2025-02-13T10:09:24+0000\">il y a 1 ann\u00e9e et 2 mois<\/span><\/a><\/p>\n\n\t\t<\/div>\n\n\t\t\n\t\t\t<div class=\"activity-inner\">\n\n\t\t\t\t\n\t\t\t<\/div>\n\n\t\t\n\t\t\n\t\t<div class=\"activity-meta\">\n\n\t\t\t\n\t\t\t\n\t\t<\/div>\n\n\t<\/div>\n\n\t\n\t\n\t\t<div class=\"activity-comments\">\n\n\t\t\t\n\t\t\t\n\t\t<\/div>\n\n\t\n\t\n<\/li>\n\n\n\t\n\t\n\t\t<li class=\"load-more\">\n\t\t\t<a href=\"https:\/\/clickclick.live\/fr\/wp-json\/wp\/v2\/pages\/367?acpage=2&#038;offset_lower=122\">Load More<\/a>\n\t\t<\/li>\n\n\t\n\t\n\t\t<\/ul>\n\n\t\n\n\n\n\t<form name=\"activity-loop-form\" id=\"activity-loop-form\" method=\"post\">\n\n\t\t<input type=\"hidden\" id=\"_wpnonce_activity_filter\" name=\"_wpnonce_activity_filter\" value=\"32bc080056\" \/><input type=\"hidden\" name=\"_wp_http_referer\" value=\"\/fr\/wp-json\/wp\/v2\/pages\/367\" \/>\n\t<\/form>\n\n\n\t<\/div>\n\n\t\n\t\n\t\n\t\n<\/div>\n<\/div><\/div><\/div><\/div><\/div><\/div>","protected":false},"excerpt":{"rendered":"<p>Activity 0 Members 69 Groups 1 Popular Groups \u0444\u0444\u0444\u0444\u0444\u0444\u0444\u0444\u0444\u0444\u0444\u0444\u0444\u0444\u0444\u0444\u0444\u0444\u0444\u0444\u0444\u0444\u0444\u0444\u0444\u0444\u0444\u0444\u0444\u0444 Forums Forum Rules and Guidelines General Introduce yourself! Upcoming Events Newest Members Jerry Helen &quot;Total Duct Cleaning&quot; (https:\/\/totalduct.ca) expert issa ibrahim Laurence Saliba Sitewide Activity All Members 6 &mdash; Show Everything &mdash; Nouveaux membres Mise \u00e0 jour des profils Mises \u00e0 jour Mes contacts Nouveaux groupes<\/p>","protected":false},"author":1,"featured_media":0,"parent":0,"menu_order":40,"comment_status":"closed","ping_status":"closed","template":"pagebuilder.php","meta":{"_bbp_topic_count":0,"_bbp_reply_count":0,"_bbp_total_topic_count":0,"_bbp_total_reply_count":0,"_bbp_voice_count":0,"_bbp_anonymous_reply_count":0,"_bbp_topic_count_hidden":0,"_bbp_reply_count_hidden":0,"_bbp_forum_subforum_count":0,"_coblocks_attr":"","_coblocks_dimensions":"","_coblocks_responsive_height":"","_coblocks_accordion_ie_support":"","_rtcl_gb_attr":"","pgc_sgb_lightbox_settings":"","footnotes":"","_links_to":"","_links_to_target":""},"categories":[],"tags":[],"class_list":["post-367","page","type-page","status-publish","hentry"],"_links":{"self":[{"href":"https:\/\/clickclick.live\/fr\/wp-json\/wp\/v2\/pages\/367","targetHints":{"allow":["GET"]}}],"collection":[{"href":"https:\/\/clickclick.live\/fr\/wp-json\/wp\/v2\/pages"}],"about":[{"href":"https:\/\/clickclick.live\/fr\/wp-json\/wp\/v2\/types\/page"}],"author":[{"embeddable":true,"href":"https:\/\/clickclick.live\/fr\/wp-json\/wp\/v2\/users\/1"}],"replies":[{"embeddable":true,"href":"https:\/\/clickclick.live\/fr\/wp-json\/wp\/v2\/comments?post=367"}],"version-history":[{"count":6,"href":"https:\/\/clickclick.live\/fr\/wp-json\/wp\/v2\/pages\/367\/revisions"}],"predecessor-version":[{"id":1031,"href":"https:\/\/clickclick.live\/fr\/wp-json\/wp\/v2\/pages\/367\/revisions\/1031"}],"wp:attachment":[{"href":"https:\/\/clickclick.live\/fr\/wp-json\/wp\/v2\/media?parent=367"}],"wp:term":[{"taxonomy":"category","embeddable":true,"href":"https:\/\/clickclick.live\/fr\/wp-json\/wp\/v2\/categories?post=367"},{"taxonomy":"post_tag","embeddable":true,"href":"https:\/\/clickclick.live\/fr\/wp-json\/wp\/v2\/tags?post=367"}],"curies":[{"name":"wp","href":"https:\/\/api.w.org\/{rel}","templated":true}]}}