{"id":5169,"date":"2023-06-06T16:26:31","date_gmt":"2023-06-06T16:26:31","guid":{"rendered":"https:\/\/clickclick.live\/?page_id=5169"},"modified":"2023-10-30T20:11:27","modified_gmt":"2023-10-30T20:11:27","slug":"agence-de-rencontre-celibataire","status":"publish","type":"page","link":"https:\/\/clickclick.live\/fr\/agence-de-rencontre-celibataire\/","title":{"rendered":"agence de rencontre celibataire"},"content":{"rendered":"<div id=\"pl-5169\"  class=\"panel-layout\" ><div id=\"pg-5169-0\"  class=\"panel-grid panel-no-style\" ><div id=\"pgc-5169-0-0\"  class=\"panel-grid-cell\" ><div id=\"panel-5169-0-0-0\" class=\"widget_text so-panel widget widget_custom_html panel-first-child panel-last-child\" data-index=\"0\" ><div class=\"textwidget custom-html-widget\"><!-- The video -->\n<img decoding=\"async\" id=\"myGIF\" src=\"\/wp-content\/uploads\/headers\/SECTION AGENCE DE RENCONTRE.gif\">\n<video autoplay playsinline loop muted id=\"myVideo\" >\n\t<source src=\"\/wp-content\/uploads\/headers\/SECTION AGENCE DE RENCONTRE.mp4\" type=\"video\/mp4\">\n<\/video>\n<!-- Optional: some overlay text to describe the video -->\n<div class=\"content\">\n\n<\/div>\n\n<style>\n#myVideo {\n  min-width: 100%;\n  min-height: 100%;\n}\n\n\/* Add some content at the bottom of the video\/page *\/\n.content {\n  position: fixed;\n  bottom: 0;\n  background: rgba(0, 0, 0, 0.5);\n  color: #f1f1f1;\n  width: 100%;\n  padding: 20px;\n}\n\n\/* Style the button used to pause\/play the video *\/\n#myBtn {\n  width: 200px;\n  font-size: 18px;\n  padding: 10px;\n  border: none;\n  background: #000;\n  color: #fff;\n  cursor: pointer;\n}\n\n#myBtn:hover {\n  background: #ddd;\n  color: black;\n}\n\t.header-filter {\n    position: absolute;\n    top: 0;\n    bottom: 0;\n    left: 0;\n    right: 0;\n    z-index: -1;\n    background-position: center center;\n    background-size: cover;\n}\n\t\n\t#myGIF {\n    padding: 0;\n    z-index: 10;\n    width: 100%;\n    margin: 0;\n\t\tdisplay:none;\n}\n\t@media (pointer: coarse) and (hover: none) {\n  #myGIF {\n    display: block;\n  }\n\n  #myVideo {\n    display: none;\n  }\n}\n<\/style>\n\n<script>\n\tadd_action( 'wp_loaded','my_minify_html' );\nfunction my_minify_html() {\n  console.log('page is fully loaded');\n\t\t\t$('myVideo').trigger('play');\n}\n\n\n<\/script>\n<p>\nBienvenue chez Click Click, votre nouvelle plateforme de rencontre en ligne \u00e0 Gatineau, Qu\u00e9bec! Nous sommes fiers de proposer une approche moderne et efficace pour aider nos clients \u00e0 trouver des relations significatives en utilisant notre plateforme num\u00e9rique.\t\n<\/p>\n\n<p>\nChez Click Click, nous sommes convaincus que chaque personne m\u00e9rite de trouver l'amour et la relation de ses r\u00eaves. Nous avons donc cr\u00e9\u00e9 une plateforme de rencontre facile \u00e0 utiliser, dot\u00e9e des derni\u00e8res technologies pour vous offrir une exp\u00e9rience de rencontre en ligne pratique, s\u00fbre et s\u00e9curis\u00e9e.\nNotre \u00e9quipe de professionnels exp\u00e9riment\u00e9s de la rencontre est d\u00e9vou\u00e9e \u00e0 fournir un service personnalis\u00e9 pour chaque client. Nous travaillons dur pour cr\u00e9er des profils pr\u00e9cis et personnalis\u00e9s pour chaque membre, afin de faciliter la recherche de la personne id\u00e9ale.\nNotre \u00e9quipe de professionnels exp\u00e9riment\u00e9s de la rencontre est d\u00e9vou\u00e9e \u00e0 fournir un service haut de gamme pour chaque client. Nous travaillons en \u00e9troite collaboration avec vous pour comprendre vos pr\u00e9f\u00e9rences et vos attentes, afin de cr\u00e9er des correspondances pr\u00e9cises et personnalis\u00e9es.\nChez Click Click, nous mettons l'accent sur la confidentialit\u00e9 et la s\u00e9curit\u00e9 de nos clients. Notre plateforme num\u00e9rique est con\u00e7ue pour vous permettre de naviguer et de communiquer en toute s\u00e9curit\u00e9 avec les autres membres de la communaut\u00e9.\nNous sommes impatients de vous aider \u00e0 trouver l'amour et la relation de vos r\u00eaves gr\u00e2ce \u00e0 notre plateforme de rencontre en ligne exclusive! Contactez-nous d\u00e8s aujourd'hui pour en savoir plus sur nos services de rencontre num\u00e9riques.\n\n<\/p>\n<\/div><\/div><\/div><\/div><\/div>","protected":false},"excerpt":{"rendered":"<p>Bienvenue chez Click Click, votre nouvelle plateforme de rencontre en ligne \u00e0 Gatineau, Qu\u00e9bec! Nous sommes fiers de proposer une approche moderne et efficace pour aider nos clients \u00e0 trouver des relations significatives en utilisant notre plateforme num\u00e9rique. Chez Click Click, nous sommes convaincus que chaque personne m\u00e9rite de trouver l&#8217;amour et la relation de<\/p>","protected":false},"author":1,"featured_media":5171,"parent":0,"menu_order":76,"comment_status":"closed","ping_status":"closed","template":"single.php","meta":{"_bbp_topic_count":0,"_bbp_reply_count":0,"_bbp_total_topic_count":0,"_bbp_total_reply_count":0,"_bbp_voice_count":0,"_bbp_anonymous_reply_count":0,"_bbp_topic_count_hidden":0,"_bbp_reply_count_hidden":0,"_bbp_forum_subforum_count":0,"_coblocks_attr":"","_coblocks_dimensions":"","_coblocks_responsive_height":"","_coblocks_accordion_ie_support":"","_rtcl_gb_attr":"","pgc_sgb_lightbox_settings":"","footnotes":"","_links_to":"","_links_to_target":""},"categories":[80],"tags":[],"class_list":["post-5169","page","type-page","status-publish","has-post-thumbnail","hentry","category-mainmenu"],"_links":{"self":[{"href":"https:\/\/clickclick.live\/fr\/wp-json\/wp\/v2\/pages\/5169","targetHints":{"allow":["GET"]}}],"collection":[{"href":"https:\/\/clickclick.live\/fr\/wp-json\/wp\/v2\/pages"}],"about":[{"href":"https:\/\/clickclick.live\/fr\/wp-json\/wp\/v2\/types\/page"}],"author":[{"embeddable":true,"href":"https:\/\/clickclick.live\/fr\/wp-json\/wp\/v2\/users\/1"}],"replies":[{"embeddable":true,"href":"https:\/\/clickclick.live\/fr\/wp-json\/wp\/v2\/comments?post=5169"}],"version-history":[{"count":9,"href":"https:\/\/clickclick.live\/fr\/wp-json\/wp\/v2\/pages\/5169\/revisions"}],"predecessor-version":[{"id":5391,"href":"https:\/\/clickclick.live\/fr\/wp-json\/wp\/v2\/pages\/5169\/revisions\/5391"}],"wp:featuredmedia":[{"embeddable":true,"href":"https:\/\/clickclick.live\/fr\/wp-json\/wp\/v2\/media\/5171"}],"wp:attachment":[{"href":"https:\/\/clickclick.live\/fr\/wp-json\/wp\/v2\/media?parent=5169"}],"wp:term":[{"taxonomy":"category","embeddable":true,"href":"https:\/\/clickclick.live\/fr\/wp-json\/wp\/v2\/categories?post=5169"},{"taxonomy":"post_tag","embeddable":true,"href":"https:\/\/clickclick.live\/fr\/wp-json\/wp\/v2\/tags?post=5169"}],"curies":[{"name":"wp","href":"https:\/\/api.w.org\/{rel}","templated":true}]}}